{"id":1408,"date":"2025-07-18T07:42:29","date_gmt":"2025-07-18T07:42:29","guid":{"rendered":"https:\/\/www.santaeulalia-hotel.com\/rules-of-conduct\/"},"modified":"2025-07-18T07:44:09","modified_gmt":"2025-07-18T07:44:09","slug":"normas-de-conduta","status":"publish","type":"page","link":"https:\/\/www.santaeulalia-hotel.com\/pt-pt\/normas-de-conduta\/","title":{"rendered":"Normas de Conduta"},"content":{"rendered":"[vc_row type=&#8221;full_width_background&#8221; full_screen_row_position=&#8221;middle&#8221; column_margin=&#8221;default&#8221; bg_color=&#8221;#ffffff&#8221; scene_position=&#8221;center&#8221; text_color=&#8221;dark&#8221; text_align=&#8221;left&#8221; overlay_strength=&#8221;0.3&#8243; shape_divider_position=&#8221;bottom&#8221; bg_image_animation=&#8221;none&#8221; shape_type=&#8221;&#8221;][vc_column column_padding=&#8221;no-extra-padding&#8221; column_padding_position=&#8221;all&#8221; background_color_opacity=&#8221;1&#8243; background_hover_color_opacity=&#8221;1&#8243; column_link_target=&#8221;_self&#8221; column_shadow=&#8221;none&#8221; column_border_radius=&#8221;none&#8221; width=&#8221;1\/1&#8243; tablet_width_inherit=&#8221;default&#8221; tablet_text_alignment=&#8221;default&#8221; phone_text_alignment=&#8221;default&#8221; overlay_strength=&#8221;0.3&#8243; column_border_width=&#8221;none&#8221; column_border_style=&#8221;solid&#8221; bg_image_animation=&#8221;none&#8221;][divider line_type=&#8221;No Line&#8221; custom_height=&#8221;60&#8243;][vc_column_text el_id=&#8221;cookies&#8221;]\n<h3><b>Normas de Conduta para os H\u00f3spedes e clientes do Santa Eul\u00e1lia Hotel &amp; Spa<\/b><\/h3>\n[\/vc_column_text][\/vc_column][\/vc_row][vc_row type=&#8221;full_width_background&#8221; full_screen_row_position=&#8221;middle&#8221; column_margin=&#8221;default&#8221; bg_color=&#8221;#ffffff&#8221; scene_position=&#8221;center&#8221; text_color=&#8221;dark&#8221; text_align=&#8221;left&#8221; overlay_strength=&#8221;0.3&#8243; shape_divider_position=&#8221;bottom&#8221; bg_image_animation=&#8221;none&#8221; shape_type=&#8221;&#8221;][vc_column column_padding=&#8221;no-extra-padding&#8221; column_padding_position=&#8221;all&#8221; background_color_opacity=&#8221;1&#8243; background_hover_color_opacity=&#8221;1&#8243; column_link_target=&#8221;_self&#8221; column_shadow=&#8221;none&#8221; column_border_radius=&#8221;none&#8221; width=&#8221;1\/1&#8243; tablet_width_inherit=&#8221;default&#8221; tablet_text_alignment=&#8221;default&#8221; phone_text_alignment=&#8221;default&#8221; overlay_strength=&#8221;0.3&#8243; column_border_width=&#8221;none&#8221; column_border_style=&#8221;solid&#8221; bg_image_animation=&#8221;none&#8221;][divider line_type=&#8221;No Line&#8221; custom_height=&#8221;40&#8243;][vc_column_text]<span style=\"font-weight: 400;\">A Dire\u00e7\u00e3o desta unidade hoteleira pretende assegurar e promover a tranquilidade, a seguran\u00e7a e o bem-estar de todos os seus h\u00f3spedes e colaboradores, bem como das instala\u00e7\u00f5es onde a unidade se encontra inserida.<\/span><\/p>\n<p><span style=\"font-weight: 400;\">Com esse objetivo, os h\u00f3spedes e clientes desta unidade hoteleira ficam expressamente obrigados a observar as seguintes <\/span><b>Normas de Conduta:<\/b><\/p>\n<ol>\n<li><\/li>\n<\/ol>\n<p><b>Comportamento Geral:<\/b><\/p>\n<ul>\n<li style=\"font-weight: 400;\" aria-level=\"1\"><span style=\"font-weight: 400;\">\u00a0Todos os h\u00f3spedes ficam obrigados a manter uma atitude respeitosa, cordial e civilizada entre si e com todos os colaboradores, staff ou utentes da presente unidade hoteleira.<\/span><\/li>\n<li style=\"font-weight: 400;\" aria-level=\"1\"><span style=\"font-weight: 400;\">Qualquer forma de agress\u00e3o, verbal ou f\u00edsica, qualquer forma de ass\u00e9dio e\/ou comportamentos abusivos, discriminat\u00f3rios, agressivos ou provocat\u00f3rios s\u00e3o estritamente proibidos e motivo de expuls\u00e3o.<\/span><\/li>\n<\/ul>\n<p>&nbsp;<\/p>\n<p><span style=\"font-weight: 400;\">\u00a0<\/span><b>2.<\/b><\/p>\n<p><b>Respeito pelo Espa\u00e7o Comum:<\/b><\/p>\n<ul>\n<li style=\"font-weight: 400;\" aria-level=\"1\"><span style=\"font-weight: 400;\">Os Espa\u00e7os comuns devem ser utilizados pelos h\u00f3spedes, com respeito pelos demais utentes.<\/span><\/li>\n<li style=\"font-weight: 400;\" aria-level=\"1\"><span style=\"font-weight: 400;\">Os espa\u00e7os comuns devem ser mantidos limpos.\u00a0<\/span><\/li>\n<li style=\"font-weight: 400;\" aria-level=\"1\"><span style=\"font-weight: 400;\">Evite comportamentos ruidosos que possam incomodar outros h\u00f3spedes.<\/span><\/li>\n<li style=\"font-weight: 400;\" aria-level=\"1\"><span style=\"font-weight: 400;\">N\u00e3o \u00e9 permitido fumar em \u00e1reas interiores, salvo indica\u00e7\u00e3o em contr\u00e1rio.<\/span><\/li>\n<li style=\"font-weight: 400;\" aria-level=\"1\"><span style=\"font-weight: 400;\">\u00c9 obrigat\u00f3rio o uso de roupa e cal\u00e7ado adequado em todo o interior do hotel.<\/span><\/li>\n<li style=\"font-weight: 400;\" aria-level=\"1\"><span style=\"font-weight: 400;\">N\u00e3o \u00e9 permitida a utiliza\u00e7\u00e3o das toalhas dos apartamentos na piscina e\/ou praia.<\/span><\/li>\n<\/ul>\n<p>&nbsp;<\/p>\n<ol start=\"3\">\n<li><\/li>\n<\/ol>\n<p><b>Ru\u00eddo e Hor\u00e1rios de Sil\u00eancio:<\/b><\/p>\n<ul>\n<li style=\"font-weight: 400;\" aria-level=\"1\"><span style=\"font-weight: 400;\">\u00c9 obrigat\u00f3rio respeitar os hor\u00e1rios de sil\u00eancio, entre as 22h00 e as 8h00.<\/span><\/li>\n<li style=\"font-weight: 400;\" aria-level=\"1\"><span style=\"font-weight: 400;\">Festas, m\u00fasica alta ou comportamentos ruidosos n\u00e3o autorizados s\u00e3o motivo de advert\u00eancia ou expuls\u00e3o.<\/span><\/li>\n<\/ul>\n<p>&nbsp;<\/p>\n<ol start=\"4\">\n<li><\/li>\n<\/ol>\n<p><b>Cuidado com as Instala\u00e7\u00f5es e Equipamentos:<\/b><\/p>\n<ul>\n<li style=\"font-weight: 400;\" aria-level=\"1\"><span style=\"font-weight: 400;\">Utilize as instala\u00e7\u00f5es e os equipamentos e mobili\u00e1rio com cuidado.<\/span><\/li>\n<li style=\"font-weight: 400;\" aria-level=\"1\"><span style=\"font-weight: 400;\">Caso haja danos, comunique imediatamente \u00e0 rece\u00e7\u00e3o.<\/span><\/li>\n<li style=\"font-weight: 400;\" aria-level=\"1\"><span style=\"font-weight: 400;\">Danos causados intencionalmente ou por neglig\u00eancia poder\u00e3o ser imputados e cobrados ao cliente.<\/span><\/li>\n<li style=\"font-weight: 400;\" aria-level=\"1\"><span style=\"font-weight: 400;\">N\u00e3o \u00e9 permitida a utiliza\u00e7\u00e3o das toalhas dos apartamentos na piscina e\/ou praia.<\/span><\/li>\n<\/ul>\n<p>&nbsp;<\/p>\n<ol start=\"5\">\n<li><\/li>\n<\/ol>\n<p><b>Seguran\u00e7a:<\/b><\/p>\n<ul>\n<li style=\"font-weight: 400;\" aria-level=\"1\"><span style=\"font-weight: 400;\">Certifique-se que as portas de acesso ao seu apartamento est\u00e3o trancadas na sua aus\u00eancia.\u00a0<\/span><\/li>\n<li style=\"font-weight: 400;\" aria-level=\"1\"><span style=\"font-weight: 400;\">\u00c9 proibida a utiliza\u00e7\u00e3o de equipamentos perigosos ou inflam\u00e1veis no interior do hotel.<\/span><\/li>\n<li style=\"font-weight: 400;\" aria-level=\"1\"><span style=\"font-weight: 400;\">Guarde os objetos de valor no cofre do quarto ou na rece\u00e7\u00e3o.<\/span><\/li>\n<li style=\"font-weight: 400;\" aria-level=\"1\"><span style=\"font-weight: 400;\">O hotel n\u00e3o se responsabiliza por artigos deixados no seu apartamento.<\/span><\/li>\n<li style=\"font-weight: 400;\" aria-level=\"1\"><span style=\"font-weight: 400;\">N\u00e3o \u00e9 permitido o check-in a clientes menores de 18 anos.<\/span><\/li>\n<li style=\"font-weight: 400;\" aria-level=\"1\"><span style=\"font-weight: 400;\">Todos os hospedes (incluindo crian\u00e7as) est\u00e3o obrigados \u00e0 apresenta\u00e7\u00e3o do seu documento de identifica\u00e7\u00e3o (com foto).<\/span><\/li>\n<\/ul>\n<p>&nbsp;<\/p>\n<ol start=\"6\">\n<li><\/li>\n<\/ol>\n<p><b>Consumo ou posse de subst\u00e2ncias il\u00edcitas:<\/b><\/p>\n<ul>\n<li style=\"font-weight: 400;\" aria-level=\"1\"><span style=\"font-weight: 400;\">O consumo ou posse de quaisquer subst\u00e2ncias il\u00edcitas, nas instala\u00e7\u00f5es desta unidade hoteleira, \u00e9 estritamente proibido e as respetivas autoridades policiais ser\u00e3o contactadas para efeitos da respetiva participa\u00e7\u00e3o.\u00a0<\/span><\/li>\n<li style=\"font-weight: 400;\" aria-level=\"1\"><span style=\"font-weight: 400;\">O consumo abusivo de \u00e1lcool que gere comportamentos descontrolados, agressivos, abusivos, provocat\u00f3rios ou discriminat\u00f3rios \u00e9 motivo de expuls\u00e3o desta unidade hoteleira.<\/span><\/li>\n<\/ul>\n<p>&nbsp;<\/p>\n<ol start=\"7\">\n<li><\/li>\n<\/ol>\n<p><b>Pol\u00edtica de Visitas:<\/b><\/p>\n<ul>\n<li style=\"font-weight: 400;\" aria-level=\"1\"><span style=\"font-weight: 400;\">Apenas os h\u00f3spedes registados podem pernoitar no hotel.<\/span><\/li>\n<li style=\"font-weight: 400;\" aria-level=\"1\"><span style=\"font-weight: 400;\">Quaisquer visitas devem ser comunicadas e autorizadas pela rece\u00e7\u00e3o.<\/span><\/li>\n<li style=\"font-weight: 400;\" aria-level=\"1\"><span style=\"font-weight: 400;\">O acesso \u00e0s \u00e1reas de lazer do hotel somente \u00e9 permitido a clientes hospedados.<\/span><\/li>\n<\/ul>\n<p>&nbsp;<\/p>\n<ol start=\"8\">\n<li><\/li>\n<\/ol>\n<p><b>Uso de \u00c1reas de Lazer<\/b><\/p>\n<ul>\n<li style=\"font-weight: 400;\" aria-level=\"1\"><span style=\"font-weight: 400;\">Respeite as normas espec\u00edficas de utiliza\u00e7\u00e3o da piscina, gin\u00e1sio, spa, entre outros.<\/span><\/li>\n<li style=\"font-weight: 400;\" aria-level=\"1\"><span style=\"font-weight: 400;\">As crian\u00e7as devem ser sempre acompanhadas por um adulto nas \u00e1reas comuns.<\/span><\/li>\n<\/ul>\n<p>&nbsp;<\/p>\n<p><b>9.<\/b><\/p>\n<p><b>Normas aplic\u00e1veis ao uso da piscina:<\/b><\/p>\n<ul>\n<li style=\"font-weight: 400;\" aria-level=\"1\"><span style=\"font-weight: 400;\">A utiliza\u00e7\u00e3o das espregui\u00e7adeiras do espa\u00e7o da piscina \u00e9 gratuita e n\u00e3o pode ser reservada. O pessoal do empreendimento encontra-se autorizado a libertar as espregui\u00e7adeiras n\u00e3o utilizadas durante 30 minutos consecutivos. Em tal caso, os objetos pessoais que se encontrem nas espregui\u00e7adeiras n\u00e3o utilizadas ser\u00e3o entregues na rece\u00e7\u00e3o.<\/span><\/li>\n<li style=\"font-weight: 400;\" aria-level=\"1\"><span style=\"font-weight: 400;\">\u00c9 proibido utilizar as toalhas do quarto na piscina e\/ou na praia. O Cliente dever\u00e1 contactar o SPA onde pode requerer o servi\u00e7o de toalhas para uso exclusivo da piscina e\/ou praia mediante uma cau\u00e7\u00e3o.<\/span><\/li>\n<li style=\"font-weight: 400;\" aria-level=\"1\"><span style=\"font-weight: 400;\">\u00c9 proibido levar copos, garrafas e\/ou quaisquer objetos de vidro para a zona da piscina.<\/span><\/li>\n<\/ul>\n<p>&nbsp;<\/p>\n<ol start=\"10\">\n<li><\/li>\n<\/ol>\n<p><b>Animais de Estima\u00e7\u00e3o<\/b><\/p>\n<ul>\n<li style=\"font-weight: 400;\" aria-level=\"1\"><span style=\"font-weight: 400;\">O hotel n\u00e3o aceita animais de estima\u00e7\u00e3o \u2013 exceto c\u00e3es-guia.<\/span><\/li>\n<\/ul>\n<p>&nbsp;<\/p>\n<ol start=\"11\">\n<li><\/li>\n<\/ol>\n<p><b>Pol\u00edtica de Pagamento, Cau\u00e7\u00e3o e Cancelamento :<\/b><\/p>\n<ul>\n<li style=\"font-weight: 400;\" aria-level=\"1\"><span style=\"font-weight: 400;\">Cumpra os prazos estabelecidos para cancelamentos, check-in e check-out.<\/span><\/li>\n<li style=\"font-weight: 400;\" aria-level=\"1\"><span style=\"font-weight: 400;\">O empreendimento solicita um dep\u00f3sito em cart\u00e3o de cr\u00e9dito ou debito como garantia para danos causados ou despesas adicionais n\u00e3o liquidadas.<\/span><\/li>\n<li style=\"font-weight: 400;\" aria-level=\"1\"><span style=\"font-weight: 400;\">Despesas extra devem ser regularizadas no momento da sa\u00edda.<\/span><\/li>\n<\/ul>\n<p>&nbsp;<\/p>\n<ol start=\"12\">\n<li><\/li>\n<\/ol>\n<p><b>Consequ\u00eancias por N\u00e3o Cumprimento das Normas:<\/b><\/p>\n<ul>\n<li style=\"font-weight: 400;\" aria-level=\"1\"><span style=\"font-weight: 400;\">O n\u00e3o cumprimento das normas aqui previstas poder\u00e1 resultar em advert\u00eancia, compensa\u00e7\u00f5es\u00a0 financeiras ou, em casos graves, expuls\u00e3o da unidade hoteleira, sem direito a qualquer reembolso.<\/span><\/li>\n<li style=\"font-weight: 400;\" aria-level=\"1\"><span style=\"font-weight: 400;\">A Dire\u00e7\u00e3o reserva-se o direito de contactar as autoridades policiais sempre que o considere necess\u00e1rio, para a prote\u00e7\u00e3o de pessoas ou bens.<\/span><\/li>\n<\/ul>\n[\/vc_column_text][divider line_type=&#8221;No Line&#8221; custom_height=&#8221;80&#8243;][\/vc_column][\/vc_row]\n","protected":false},"excerpt":{"rendered":"<p>[vc_row type=&#8221;full_width_background&#8221; full_screen_row_position=&#8221;middle&#8221; column_margin=&#8221;default&#8221; bg_color=&#8221;#ffffff&#8221; scene_position=&#8221;center&#8221; text_color=&#8221;dark&#8221; text_align=&#8221;left&#8221; overlay_strength=&#8221;0.3&#8243; shape_divider_position=&#8221;bottom&#8221; bg_image_animation=&#8221;none&#8221; shape_type=&#8221;&#8221;][vc_column column_padding=&#8221;no-extra-padding&#8221; column_padding_position=&#8221;all&#8221; background_color_opacity=&#8221;1&#8243; background_hover_color_opacity=&#8221;1&#8243; column_link_target=&#8221;_self&#8221; column_shadow=&#8221;none&#8221; column_border_radius=&#8221;none&#8221; width=&#8221;1\/1&#8243; tablet_width_inherit=&#8221;default&#8221; tablet_text_alignment=&#8221;default&#8221; phone_text_alignment=&#8221;default&#8221; overlay_strength=&#8221;0.3&#8243; column_border_width=&#8221;none&#8221; column_border_style=&#8221;solid&#8221; bg_image_animation=&#8221;none&#8221;][divider line_type=&#8221;No Line&#8221; custom_height=&#8221;60&#8243;][vc_column_text&#8230;<\/p>\n","protected":false},"author":1,"featured_media":0,"parent":0,"menu_order":0,"comment_status":"closed","ping_status":"closed","template":"","meta":{"footnotes":""},"class_list":["post-1408","page","type-page","status-publish"],"yoast_head":"<!-- This site is optimized with the Yoast SEO plugin v24.7 - https:\/\/yoast.com\/wordpress\/plugins\/seo\/ -->\n<title>Normas de Conduta - Santa Eul\u00e1lia Suite Hotel &amp; Spa - Clean &amp; Safe<\/title>\n<meta name=\"robots\" content=\"index, follow, max-snippet:-1, max-image-preview:large, max-video-preview:-1\" \/>\n<link rel=\"canonical\" href=\"https:\/\/www.santaeulalia-hotel.com\/en\/normas-de-conduta\/\" \/>\n<meta property=\"og:locale\" content=\"en_US\" \/>\n<meta property=\"og:type\" content=\"article\" \/>\n<meta property=\"og:title\" content=\"Normas de Conduta - Santa Eul\u00e1lia Suite Hotel &amp; Spa - Clean &amp; Safe\" \/>\n<meta property=\"og:description\" content=\"[vc_row type=&#8221;full_width_background&#8221; full_screen_row_position=&#8221;middle&#8221; column_margin=&#8221;default&#8221; bg_color=&#8221;#ffffff&#8221; scene_position=&#8221;center&#8221; text_color=&#8221;dark&#8221; text_align=&#8221;left&#8221; overlay_strength=&#8221;0.3&#8243; shape_divider_position=&#8221;bottom&#8221; bg_image_animation=&#8221;none&#8221; shape_type=&#8221;&#8221;][vc_column column_padding=&#8221;no-extra-padding&#8221; column_padding_position=&#8221;all&#8221; background_color_opacity=&#8221;1&#8243; background_hover_color_opacity=&#8221;1&#8243; column_link_target=&#8221;_self&#8221; column_shadow=&#8221;none&#8221; column_border_radius=&#8221;none&#8221; width=&#8221;1\/1&#8243; tablet_width_inherit=&#8221;default&#8221; tablet_text_alignment=&#8221;default&#8221; phone_text_alignment=&#8221;default&#8221; overlay_strength=&#8221;0.3&#8243; column_border_width=&#8221;none&#8221; column_border_style=&#8221;solid&#8221; bg_image_animation=&#8221;none&#8221;][divider line_type=&#8221;No Line&#8221; custom_height=&#8221;60&#8243;][vc_column_text...\" \/>\n<meta property=\"og:url\" content=\"https:\/\/www.santaeulalia-hotel.com\/pt-pt\/normas-de-conduta\/\" \/>\n<meta property=\"og:site_name\" content=\"Santa Eul\u00e1lia Suite Hotel &amp; Spa - Clean &amp; Safe\" \/>\n<meta property=\"article:modified_time\" content=\"2025-07-18T07:44:09+00:00\" \/>\n<meta name=\"twitter:card\" content=\"summary_large_image\" \/>\n<meta name=\"twitter:label1\" content=\"Est. reading time\" \/>\n\t<meta name=\"twitter:data1\" content=\"4 minutes\" \/>\n<script type=\"application\/ld+json\" class=\"yoast-schema-graph\">{\"@context\":\"https:\/\/schema.org\",\"@graph\":[{\"@type\":\"WebPage\",\"@id\":\"https:\/\/www.santaeulalia-hotel.com\/pt-pt\/normas-de-conduta\/\",\"url\":\"https:\/\/www.santaeulalia-hotel.com\/pt-pt\/normas-de-conduta\/\",\"name\":\"Normas de Conduta - Santa Eul\u00e1lia Suite Hotel &amp; Spa - Clean &amp; Safe\",\"isPartOf\":{\"@id\":\"https:\/\/www.santaeulalia-hotel.com\/en\/#website\"},\"datePublished\":\"2025-07-18T07:42:29+00:00\",\"dateModified\":\"2025-07-18T07:44:09+00:00\",\"breadcrumb\":{\"@id\":\"https:\/\/www.santaeulalia-hotel.com\/pt-pt\/normas-de-conduta\/#breadcrumb\"},\"inLanguage\":\"en-US\",\"potentialAction\":[{\"@type\":\"ReadAction\",\"target\":[\"https:\/\/www.santaeulalia-hotel.com\/pt-pt\/normas-de-conduta\/\"]}]},{\"@type\":\"BreadcrumbList\",\"@id\":\"https:\/\/www.santaeulalia-hotel.com\/pt-pt\/normas-de-conduta\/#breadcrumb\",\"itemListElement\":[{\"@type\":\"ListItem\",\"position\":1,\"name\":\"Home\",\"item\":\"https:\/\/www.santaeulalia-hotel.com\/en\/\"},{\"@type\":\"ListItem\",\"position\":2,\"name\":\"Normas de Conduta\"}]},{\"@type\":\"WebSite\",\"@id\":\"https:\/\/www.santaeulalia-hotel.com\/en\/#website\",\"url\":\"https:\/\/www.santaeulalia-hotel.com\/en\/\",\"name\":\"Santa Eul\u00e1lia Suite Hotel &amp; Spa - Clean &amp; Safe\",\"description\":\"More than a beach hotel\",\"publisher\":{\"@id\":\"https:\/\/www.santaeulalia-hotel.com\/en\/#organization\"},\"potentialAction\":[{\"@type\":\"SearchAction\",\"target\":{\"@type\":\"EntryPoint\",\"urlTemplate\":\"https:\/\/www.santaeulalia-hotel.com\/en\/?s={search_term_string}\"},\"query-input\":{\"@type\":\"PropertyValueSpecification\",\"valueRequired\":true,\"valueName\":\"search_term_string\"}}],\"inLanguage\":\"en-US\"},{\"@type\":\"Organization\",\"@id\":\"https:\/\/www.santaeulalia-hotel.com\/en\/#organization\",\"name\":\"Santa Eul\u00e1lia Suite Hotel & Spa\",\"url\":\"https:\/\/www.santaeulalia-hotel.com\/en\/\",\"logo\":{\"@type\":\"ImageObject\",\"inLanguage\":\"en-US\",\"@id\":\"https:\/\/www.santaeulalia-hotel.com\/en\/#\/schema\/logo\/image\/\",\"url\":\"https:\/\/www.santaeulalia-hotel.com\/wp-content\/uploads\/2019\/10\/Santa-Eulalia_72dpis.png\",\"contentUrl\":\"https:\/\/www.santaeulalia-hotel.com\/wp-content\/uploads\/2019\/10\/Santa-Eulalia_72dpis.png\",\"width\":1088,\"height\":266,\"caption\":\"Santa Eul\u00e1lia Suite Hotel & Spa\"},\"image\":{\"@id\":\"https:\/\/www.santaeulalia-hotel.com\/en\/#\/schema\/logo\/image\/\"}}]}<\/script>\n<!-- \/ Yoast SEO plugin. -->","yoast_head_json":{"title":"Normas de Conduta - Santa Eul\u00e1lia Suite Hotel &amp; Spa - Clean &amp; Safe","robots":{"index":"index","follow":"follow","max-snippet":"max-snippet:-1","max-image-preview":"max-image-preview:large","max-video-preview":"max-video-preview:-1"},"canonical":"https:\/\/www.santaeulalia-hotel.com\/en\/normas-de-conduta\/","og_locale":"en_US","og_type":"article","og_title":"Normas de Conduta - Santa Eul\u00e1lia Suite Hotel &amp; Spa - Clean &amp; Safe","og_description":"[vc_row type=&#8221;full_width_background&#8221; full_screen_row_position=&#8221;middle&#8221; column_margin=&#8221;default&#8221; bg_color=&#8221;#ffffff&#8221; scene_position=&#8221;center&#8221; text_color=&#8221;dark&#8221; text_align=&#8221;left&#8221; overlay_strength=&#8221;0.3&#8243; shape_divider_position=&#8221;bottom&#8221; bg_image_animation=&#8221;none&#8221; shape_type=&#8221;&#8221;][vc_column column_padding=&#8221;no-extra-padding&#8221; column_padding_position=&#8221;all&#8221; background_color_opacity=&#8221;1&#8243; background_hover_color_opacity=&#8221;1&#8243; column_link_target=&#8221;_self&#8221; column_shadow=&#8221;none&#8221; column_border_radius=&#8221;none&#8221; width=&#8221;1\/1&#8243; tablet_width_inherit=&#8221;default&#8221; tablet_text_alignment=&#8221;default&#8221; phone_text_alignment=&#8221;default&#8221; overlay_strength=&#8221;0.3&#8243; column_border_width=&#8221;none&#8221; column_border_style=&#8221;solid&#8221; bg_image_animation=&#8221;none&#8221;][divider line_type=&#8221;No Line&#8221; custom_height=&#8221;60&#8243;][vc_column_text...","og_url":"https:\/\/www.santaeulalia-hotel.com\/pt-pt\/normas-de-conduta\/","og_site_name":"Santa Eul\u00e1lia Suite Hotel &amp; Spa - Clean &amp; Safe","article_modified_time":"2025-07-18T07:44:09+00:00","twitter_card":"summary_large_image","twitter_misc":{"Est. reading time":"4 minutes"},"schema":{"@context":"https:\/\/schema.org","@graph":[{"@type":"WebPage","@id":"https:\/\/www.santaeulalia-hotel.com\/pt-pt\/normas-de-conduta\/","url":"https:\/\/www.santaeulalia-hotel.com\/pt-pt\/normas-de-conduta\/","name":"Normas de Conduta - Santa Eul\u00e1lia Suite Hotel &amp; Spa - Clean &amp; Safe","isPartOf":{"@id":"https:\/\/www.santaeulalia-hotel.com\/en\/#website"},"datePublished":"2025-07-18T07:42:29+00:00","dateModified":"2025-07-18T07:44:09+00:00","breadcrumb":{"@id":"https:\/\/www.santaeulalia-hotel.com\/pt-pt\/normas-de-conduta\/#breadcrumb"},"inLanguage":"en-US","potentialAction":[{"@type":"ReadAction","target":["https:\/\/www.santaeulalia-hotel.com\/pt-pt\/normas-de-conduta\/"]}]},{"@type":"BreadcrumbList","@id":"https:\/\/www.santaeulalia-hotel.com\/pt-pt\/normas-de-conduta\/#breadcrumb","itemListElement":[{"@type":"ListItem","position":1,"name":"Home","item":"https:\/\/www.santaeulalia-hotel.com\/en\/"},{"@type":"ListItem","position":2,"name":"Normas de Conduta"}]},{"@type":"WebSite","@id":"https:\/\/www.santaeulalia-hotel.com\/en\/#website","url":"https:\/\/www.santaeulalia-hotel.com\/en\/","name":"Santa Eul\u00e1lia Suite Hotel &amp; Spa - Clean &amp; Safe","description":"More than a beach hotel","publisher":{"@id":"https:\/\/www.santaeulalia-hotel.com\/en\/#organization"},"potentialAction":[{"@type":"SearchAction","target":{"@type":"EntryPoint","urlTemplate":"https:\/\/www.santaeulalia-hotel.com\/en\/?s={search_term_string}"},"query-input":{"@type":"PropertyValueSpecification","valueRequired":true,"valueName":"search_term_string"}}],"inLanguage":"en-US"},{"@type":"Organization","@id":"https:\/\/www.santaeulalia-hotel.com\/en\/#organization","name":"Santa Eul\u00e1lia Suite Hotel & Spa","url":"https:\/\/www.santaeulalia-hotel.com\/en\/","logo":{"@type":"ImageObject","inLanguage":"en-US","@id":"https:\/\/www.santaeulalia-hotel.com\/en\/#\/schema\/logo\/image\/","url":"https:\/\/www.santaeulalia-hotel.com\/wp-content\/uploads\/2019\/10\/Santa-Eulalia_72dpis.png","contentUrl":"https:\/\/www.santaeulalia-hotel.com\/wp-content\/uploads\/2019\/10\/Santa-Eulalia_72dpis.png","width":1088,"height":266,"caption":"Santa Eul\u00e1lia Suite Hotel & Spa"},"image":{"@id":"https:\/\/www.santaeulalia-hotel.com\/en\/#\/schema\/logo\/image\/"}}]}},"_links":{"self":[{"href":"https:\/\/www.santaeulalia-hotel.com\/pt-pt\/wp-json\/wp\/v2\/pages\/1408\/"}],"collection":[{"href":"https:\/\/www.santaeulalia-hotel.com\/pt-pt\/wp-json\/wp\/v2\/pages\/"}],"about":[{"href":"https:\/\/www.santaeulalia-hotel.com\/pt-pt\/wp-json\/wp\/v2\/types\/page\/"}],"author":[{"embeddable":true,"href":"https:\/\/www.santaeulalia-hotel.com\/pt-pt\/wp-json\/wp\/v2\/users\/1\/"}],"replies":[{"embeddable":true,"href":"https:\/\/www.santaeulalia-hotel.com\/pt-pt\/wp-json\/wp\/v2\/comments\/?post=1408"}],"version-history":[{"count":2,"href":"https:\/\/www.santaeulalia-hotel.com\/pt-pt\/wp-json\/wp\/v2\/pages\/1408\/revisions\/"}],"predecessor-version":[{"id":1410,"href":"https:\/\/www.santaeulalia-hotel.com\/pt-pt\/wp-json\/wp\/v2\/pages\/1408\/revisions\/1410\/"}],"wp:attachment":[{"href":"https:\/\/www.santaeulalia-hotel.com\/pt-pt\/wp-json\/wp\/v2\/media\/?parent=1408"}],"curies":[{"name":"wp","href":"https:\/\/api.w.org\/{rel}","templated":true}]}}